{"id":29,"date":"2022-01-03T07:31:59","date_gmt":"2022-01-03T06:31:59","guid":{"rendered":"https:\/\/tambanevana.ch\/de\/home\/"},"modified":"2024-02-12T00:11:29","modified_gmt":"2024-02-11T23:11:29","slug":"home","status":"publish","type":"page","link":"https:\/\/tambanevana.ch\/de\/","title":{"rendered":"Home"},"content":{"rendered":"\n\n\n<h3>Willkommen bei Tambanevana !<\/h3>\n\n\n\n\n\n\n\n\n\n<p style=\"text-align: center;\">Seit 1994 unterst\u00fctzen wir das Projekt in Zimbabwe<\/p>\n\n\n\n<p style=\"text-align: center;\">Kontaktieren Sie uns f\u00fcr mehr Informationen<\/p>\n\n\n\n<p style=\"text-align: center;\">M\u00f6chten Sie Tambanevana unterst\u00fctzen ?<\/p>\n\n\n\n<p style=\"text-align: center;\">Impressionen unserer Arbeit vor Ort in Murewa<\/p>\n\n\n\n\n\n\n\n<h3>Was wir tun<\/h3>\n\n<h5>Tambanevana bedeutet \u00abLasst uns mit den Kindern spielen\u00bb<\/h5>\n<p>Tambanevana ist eine Organisation in Zimbabwe, die seit 1994 eine Vorschule in Murewa betreut. Die Vorschule wird von rund 100 Kindern besucht. Die Vorschule finanziert sich einerseits aus Elternbeitr\u00e4gen und andererseits aus j\u00e4hrlichen Spenden, da staatliche Mittel trotz Anerkennung der Organisation in Zimbabwe fehlen. Tambanevana stellt sich in den Dienst von Frauen und Kindern in Zimbabwe, baut mit ihnen an einer lebenswerteren Zukunft f\u00fcr alle. Tambanevana erm\u00f6glicht Kindern in l\u00e4ndlichen Verh\u00e4ltnissen einen besseren Start ins Leben, ist aktiv in der Familienplanung, der AIDS-Pr\u00e4vention, ber\u00e4t bei Schwangerschaft und Geburt und f\u00f6rdert die Gesundheitserziehung.<\/p><p><br><\/p><p>Ein Schulbeitrag von 150 Dollar pro Jahr ist notwendig, um den Minimalbetrieb der Vorschule (Schulmaterialien, Essen, L\u00f6hne etc.) zu gew\u00e4hrleisten.<\/p><p><br><\/p><p>Tambanevana Schweiz ist ein gemeinn\u00fctziger Verein, der 1989 aufgrund einer privaten Initiative gegr\u00fcndet wurde. Vereinsziel ist die Beschaffung von finanziellen Mittel f\u00fcr Schulbeitr\u00e4ge und weitere Projekte von Tambanevana Zimbabwe. Die Jahres- bzw. Migliederbeitr\u00e4ge fliessen direkt in das Projekt. Tambanevana Schweiz hat sich verpflichtet, f\u00fcr mindestens 40 Kinder, die in armen Verh\u00e4ltnissen leben oder keine Eltern mehr haben, die j\u00e4hrlichen Schulbeitr\u00e4ge zu \u00fcbernehmen.<\/p><p><br><\/p><p>Gerade f\u00fcr benachteiligte Kinder ist die Vorschule ein wichtiger Schritt, um den Teufenlskreis der Armut zu durchbrechen. Alle Kinder haben ein Recht auf Bildung. Diese Kinder sowie ihre Eltern erhalten Unterst\u00fctzung vor Ort, in ihrer vertrauten Umgebung.<\/p>\n\n<h5>Zukunftsvisionen und Projekte in der Vorschule<\/h5>\n<p><ul style=\"line-height: 2;\"><li>Erweiterung der Vorschule in Murewa, Betreuung weiterer Kinder in anderen Regionen Zimbabwes<\/li><li>von AIDS Betroffene und ihre Familien unterst\u00fctzen<\/li><li>allgemein das Wissen um die Gesundheitsvorsorge vergr\u00f6ssern und Kinder, Jugendliche und Frauen in Fragen der Gesundheit beraten<\/li><li>Kinder, Jugendliche und Frauen in der Anwendung von Computern und Laptop ausbilden<\/li><li>Kursangebote in Gesundheitspr\u00e4vention und Erziehungsfragen auf- und ausbauen<\/li><li>Mitarbeiterinnen von Tambanevana Zimbabwe angemessen entsch\u00e4digen<\/li><li>Installation eines Brunnens mit elektrischer Pumpe in einer Tiefe von 40 Metern in der Vorschule in Murewa, um die Wasserversorgung zu gew\u00e4hrleisten<\/li><li>Fertigstellung eines weiteren Geb\u00e4udes auf dem Gel\u00e4nde der Vorschule in Murewa<\/li><\/ul><\/p>\n\n\n\n<h5>Vorstand<\/h5>\n<p>Charlotte Kehl<\/p><p>Pr\u00e4sidentin<\/p><p><a href=\"mailto:charl&#111;t&#116;e&#64;t&#97;m&#98;a&#110;&#101;van&#97;&#46;ch\">Email<\/a><\/p><p><br><\/p><p>\u2028Jesko Calderara<\/p><p>Kasse<\/p><p><br><\/p><p>Susanne Solenthaler<\/p><p>Aktuarin<\/p><p><br><\/p><p>Joseph Matare<\/p><p>Gr\u00fcndungsmitglied und Beisitzer<\/p><p><br><\/p><p>Mirko Buob<\/p><p>Vorstandsmitglied<\/p><p><br><\/p><p>Moni Rimensberger<\/p><p>Vorstandsmitglied<\/p>\n\n<h5>Unsere Geschichte<\/h5>\n<p>1990 reiste eine beherzte und initiative Hebamme, Josephine B. Matare, zus\u00e4tzlich diplomiert als Kranken- und Gemeindeschwester, in die Schweiz in der Hoffnung, hier Arbeit und Verdienst zu finden, um ihrer Vision eines Mutter-Kind-Hilfsprojekts in ihrer Heimat n\u00e4her zu kommen. Eine Arbeitsbewilligung erhielt sie nicht, aber sie traf Freunde, die den Verein \u00abVerein f\u00fcr Aufbauhilfe von P.M.I. Projekten in Zimbabwe\u00bb (Tambanevana Schweiz) gr\u00fcndeten und sie und ihr Projekt seither unterst\u00fctzen.<br><\/p><p><br><\/p><p>1994 erhielt das Projekt in Murewa den Namen \u00abTambanevana \u2013 Lasst uns mit den Kindern spielen\u00bb und die staatliche Anerkennung als gemeinn\u00fctzige Institution. Tambanevana Zimbabwe ist am 8. August 1994 nach 4-j\u00e4hriger Aufbauarbeit vom Staat Zimbabwe als gemeinn\u00fctzige Organisation anerkannt und sowohl beim Ministerium f\u00fcr Soziale Wohlfahrt bei den gemeinn\u00fctzigen Organisationen unter PV\/023\/94, als auch beim Erziehungsministerium unter der Nummer 3228 registriert.<\/p><p><br><\/p><p>1996 wurde ein deutscher Unterst\u00fctzungsverein Tambanevana e.V. gegr\u00fcndet.<\/p><p><br><\/p><p>1999 wurde das Geb\u00e4ude der Vorschule in Murewa offiziell eingeweiht. An der Einweihung nahmen Vertreter der Verwaltung und Politik der Region und von Zimbabwe teil.<\/p><p><br><\/p><p>2014 trat das Begr\u00fcndungsmitglied von Tambanevana Schweiz, Jessica Kehl-Lauff, Grub, als Pr\u00e4sidentin des Vereins zur\u00fcck.<\/p><p><br><\/p><p>2015 besuchten alle Lehrerinnen der Vorschule in Murewa die vom Staat geforderte Ausbildung (ECD).<\/p><p><br><\/p><p>Seit Begr\u00fcndung des Projektes wurden Geb\u00e4ulichkeiten f\u00fcr die Vorschule mit K\u00fcche, sanit\u00e4ren Anlagen und B\u00fcro errichtet. Ein Gem\u00fcsegarten inklusive zwei Ziehbrunnen umgeben die Vorschule. Zum Inventar geh\u00f6ren auch ein H\u00fchnerhof und eine Schneiderwerkstatt; ebenso einen Raum f\u00fcr die Sch\u00fcler- und Erwachsenenbildung, in dem w\u00e4hrend mehrerer Jahre mit gestifteten Computern einer schweizerischen Versicherung und anschliessend einer englischen Universit\u00e4t Grundkenntnisse in der Benutzung von Computern vermittelt wurde. Leider sind die Computer veraltet und mussten entsorgt werden. Ein weiteres Geb\u00e4ude ist im Bau.<\/p>\n\n<h5>Statuten<\/h5>\n<p><a href=\"https:\/\/tambanevana.ch\/de\/wp-content\/uploads\/2022\/01\/Statuten_2018.pdf\" target=\"_blank\" rel=\"noopener\">PDF<\/a><\/p>\n\n\n\n\n<h3>M\u00f6chten Sie Tambanevana unterst\u00fctzen ?<\/h3>\n\n<p>M\u00f6chten Sie die Arbeit von Tambanevana unterst\u00fctzen und so die Bildung der Kinder in Zimbabwe f\u00f6rdern? Wir stehen Ihnen gerne f\u00fcr ein Gespr\u00e4ch zur Verf\u00fcgung und freuen uns auf Ihre Kontaktaufnahme.<\/p>\n<h6>Spenden<\/h6>\n<p>Es besteht die Option von zweckgebundenen und allgemeinen Spenden zugunsten von Projekten in Zusammenhang mit der Vorschule in Murewa, Zimbabwe.<br><\/p><p><br><\/p><p>IBAN: CH27 0900 0000 9001 1135 4<br><\/p><p>SWIFT: POFICHBEXXX<\/p><p><br><\/p><p><a href=\"mailto:&#105;n&#102;o&#64;&#116;&#97;&#109;b&#97;ne&#118;&#97;na&#46;ch?subject=Spendenquittung&amp;body=Bitte senden Sie mir eine Spendenquittung.%0D%0A%0D%0AName:%0D%0AVorname:%0D%0AStrasse:%0D%0APostleitzahl\/Ort:%0D%0A%0D%0ADatum der Spende:%0D%0ABetrag:%0D%0A%0D%0A\">Spendenquittung anfordern<\/a><\/p>\n<h3>Kontakt<\/h3>\n\n\n\n\n\n\n\n\n\n\n\n<h6>Postadresse<\/h6>\n<p>Tambanevana Schweiz<\/p><p>c\/o Charlotte Kehl<br><\/p><p>Seitzstrasse 13<\/p><p>9000 St. Gallen<\/p>\n\n\n","protected":false},"excerpt":{"rendered":"","protected":false},"author":0,"featured_media":0,"parent":0,"menu_order":0,"comment_status":"closed","ping_status":"closed","template":"","meta":{"footnotes":""},"class_list":["post-29","page","type-page","status-publish","hentry"],"_links":{"self":[{"href":"https:\/\/tambanevana.ch\/de\/wp-json\/wp\/v2\/pages\/29","targetHints":{"allow":["GET"]}}],"collection":[{"href":"https:\/\/tambanevana.ch\/de\/wp-json\/wp\/v2\/pages"}],"about":[{"href":"https:\/\/tambanevana.ch\/de\/wp-json\/wp\/v2\/types\/page"}],"replies":[{"embeddable":true,"href":"https:\/\/tambanevana.ch\/de\/wp-json\/wp\/v2\/comments?post=29"}],"version-history":[{"count":176,"href":"https:\/\/tambanevana.ch\/de\/wp-json\/wp\/v2\/pages\/29\/revisions"}],"predecessor-version":[{"id":567,"href":"https:\/\/tambanevana.ch\/de\/wp-json\/wp\/v2\/pages\/29\/revisions\/567"}],"wp:attachment":[{"href":"https:\/\/tambanevana.ch\/de\/wp-json\/wp\/v2\/media?parent=29"}],"curies":[{"name":"wp","href":"https:\/\/api.w.org\/{rel}","templated":true}]}}