{"id":289,"date":"2022-01-04T08:03:45","date_gmt":"2022-01-04T07:03:45","guid":{"rendered":"https:\/\/tambanevana.ch\/de\/?page_id=2"},"modified":"2022-01-04T08:09:40","modified_gmt":"2022-01-04T07:09:40","slug":"rechtliches-datenschutz","status":"publish","type":"page","link":"https:\/\/tambanevana.ch\/de\/rechtliches-datenschutz\/","title":{"rendered":"Rechtliches &#038; Datenschutz"},"content":{"rendered":"\n\n\n<h3>Rechtliches &amp; Datenschutz<\/h3>\n\n<h6>Allgemein<\/h6><p>Die Website wird durch den Verein Tambanevana Schweiz betrieben (nachfolgend \u00abTambanevana\u00bb) und \u00fcber tambanevana.ch zug\u00e4nglich gemacht. Diese Website dient ausschliesslich der allgemeinen Information und erhebt keinen Anspruch auf Richtigkeit und Vollst\u00e4ndigkeit. F\u00fcr Fehler oder vermeintliche Fehler \u00fcbernehmen die Autoren keine Haftung.<\/p><p><br><\/p><h6>Inhalt<\/h6><p>Tambanevana \u00fcbernimmt alle zumutbaren Schritte, um die Zuverl\u00e4ssigkeit der pr\u00e4sentierten Informationen sicher zu stellen, doch macht sie keinerlei Zusagen \u00fcber die Korrektheit, Zuverl\u00e4ssigkeit oder Vollst\u00e4ndigkeit der auf diesem Portal enthaltenen Informationen. Haftungsanspr\u00fcche gegen\u00fcber Sch\u00e4den materieller oder ideeller Art, die durch die Nutzung oder Nichtnutzung der bereitgestellten Informationen bzw. durch die Nutzung fehlerhafter und unvollst\u00e4ndiger Informationen verursacht wurden, sind grunds\u00e4tzlich ausgeschlossen. Tambanevana&nbsp;beh\u00e4lt sich das Recht vor, jederzeit ohne vorg\u00e4ngige Ank\u00fcndigung \u00c4nderungen an diesem Internet-Auftritt vorzunehmen.<\/p><p><br><\/p><h6>Haftungsausschluss<\/h6><p>Diese Website kann Verweise (Links) zu weiteren Webseiten enthalten. Tambanevana&nbsp;hat keinerlei Einfluss auf deren Design oder Inhalt und \u00fcbernimmt deshalb auch keinerlei Verantwortung. Insbesondere wird jede Haftung f\u00fcr den Inhalt ausdr\u00fccklich abgelehnt, sei es, dass dieser rechtswidrig, unsittlich oder auch nur schon nicht altersgem\u00e4ss ist. Der Besucher einer solchen Webseite, auf die innerhalb des Webauftrittes von Tambanevana&nbsp;gelinkt wird, tr\u00e4gt die Verantwortung f\u00fcr seinen Besuch vollumf\u00e4nglich selbst. Diese Feststellung gilt f\u00fcr alle innerhalb des eigenen Internetangebotes gesetzten Verweise sowie f\u00fcr Fremdeintr\u00e4ge im von Tambanevana&nbsp;eingerichteten interaktiven Inhalt.<\/p><p><br><\/p><h6>Datensicherheit<\/h6><p>Tambanevana leistet keine Gew\u00e4hr f\u00fcr Vertraulichkeit und Integrit\u00e4t der \u00fcber diese Website ausgetauschten Daten. Dort wo pers\u00f6nliche Angaben ben\u00f6tigt werden, werden diese nur f\u00fcr den entsprechenden Zweck gespeichert. Es werden keine Daten an Dritte weitergegeben.<\/p><p><br><\/p><h6>Cookies<\/h6><p>Diese Website verwendet derzeit nur Cookies, die f\u00fcr die Administration des CMS notwendig sind (keine Tracking-, Warenkorb-, Analyse- oder Targeting-Cookies).<\/p><p><br><\/p><h6>Urheberrechtshinweis<\/h6><p>Die Inhalte und Struktur auf dieser Website ver\u00f6ffentlichten Beitr\u00e4ge und Abbildungen sind urheberrechtlich gesch\u00fctzt. Jede vom Urheberrechtsgesetz nicht zugelassene Verwendung bedarf vorheriger schriftlicher Zustimmung von Tambanevana. Dies gilt insbesondere f\u00fcr Vervielf\u00e4ltigung, Bearbeitung, \u00dcbersetzung, Einspeicherung, Verarbeitung bzw. Wiedergabe von Inhalten in Datenbanken oder anderen elektronischen Medien und Systemen. Ausdrucke und Downloads von Webseiten d\u00fcrfen nur f\u00fcr den pers\u00f6nlichen, privaten und nicht kommerziellen Gebrauch hergestellt werden.&nbsp;<\/p><p>Quellennachweise: siehe <a href=\"https:\/\/tambanevana.ch\/de\/impressum\">Impressum<\/a><\/p>\n\n\n","protected":false},"excerpt":{"rendered":"","protected":false},"author":1,"featured_media":0,"parent":0,"menu_order":0,"comment_status":"closed","ping_status":"closed","template":"","meta":{"footnotes":""},"class_list":["post-289","page","type-page","status-publish","hentry"],"_links":{"self":[{"href":"https:\/\/tambanevana.ch\/de\/wp-json\/wp\/v2\/pages\/289","targetHints":{"allow":["GET"]}}],"collection":[{"href":"https:\/\/tambanevana.ch\/de\/wp-json\/wp\/v2\/pages"}],"about":[{"href":"https:\/\/tambanevana.ch\/de\/wp-json\/wp\/v2\/types\/page"}],"author":[{"embeddable":true,"href":"https:\/\/tambanevana.ch\/de\/wp-json\/wp\/v2\/users\/1"}],"replies":[{"embeddable":true,"href":"https:\/\/tambanevana.ch\/de\/wp-json\/wp\/v2\/comments?post=289"}],"version-history":[{"count":3,"href":"https:\/\/tambanevana.ch\/de\/wp-json\/wp\/v2\/pages\/289\/revisions"}],"predecessor-version":[{"id":294,"href":"https:\/\/tambanevana.ch\/de\/wp-json\/wp\/v2\/pages\/289\/revisions\/294"}],"wp:attachment":[{"href":"https:\/\/tambanevana.ch\/de\/wp-json\/wp\/v2\/media?parent=289"}],"curies":[{"name":"wp","href":"https:\/\/api.w.org\/{rel}","templated":true}]}}